{"id":39,"date":"2023-01-16T13:14:25","date_gmt":"2023-01-16T13:14:25","guid":{"rendered":"https:\/\/dublinstagdo.com\/about-us\/"},"modified":"2026-02-24T08:28:21","modified_gmt":"2026-02-24T08:28:21","slug":"uber-uns","status":"publish","type":"page","link":"https:\/\/dublinstagdo.com\/de\/uber-uns\/","title":{"rendered":"\u00dcber uns"},"content":{"rendered":"<p>Wir von Dublin Stag Do sind darauf spezialisiert, Ihr Junggesellenwochenende zu einem au\u00dfergew\u00f6hnlichen Erlebnis zu machen. Wir verstehen, dass die Planung einer solchen Veranstaltung entmutigend sein kann, aber wir sind hier, um diese Last zu erleichtern.<\/p>\n\n\n\n<h1 class=\"wp-block-heading\">Unser Versprechen f\u00fcr herausragenden Service<\/h1>\n\n\n\n<p>Wir bieten<strong> au\u00dfergew\u00f6hnlicher Service und ein reibungsloses Erlebnis<\/strong>. Wir arbeiten eng mit Ihnen zusammen und erstellen eine ma\u00dfgeschneiderte Reiseroute, die dem Geschmack und den Interessen Ihrer Gruppe entspricht.<\/p>\n\n\n\n<figure class=\"wp-block-image size-full\"><img loading=\"lazy\" decoding=\"async\" width=\"2000\" height=\"1332\" src=\"https:\/\/dublinstagdo.com\/wp-content\/uploads\/dublin-7-scaled.webp\" alt=\"Nordufer des Flusses Liffey im Stadtzentrum von Dublin bei Nacht\" class=\"wp-image-950\" srcset=\"https:\/\/dublinstagdo.com\/wp-content\/uploads\/dublin-7-scaled.webp 2000w, https:\/\/dublinstagdo.com\/wp-content\/uploads\/dublin-7-scaled-300x200.webp 300w, https:\/\/dublinstagdo.com\/wp-content\/uploads\/dublin-7-scaled-1024x682.webp 1024w, https:\/\/dublinstagdo.com\/wp-content\/uploads\/dublin-7-scaled-768x511.webp 768w, https:\/\/dublinstagdo.com\/wp-content\/uploads\/dublin-7-scaled-1536x1023.webp 1536w, https:\/\/dublinstagdo.com\/wp-content\/uploads\/dublin-7-scaled-18x12.webp 18w\" sizes=\"auto, (max-width: 2000px) 100vw, 2000px\" \/><figcaption class=\"wp-element-caption\">Nordufer des Flusses Liffey im Stadtzentrum von Dublin bei Nacht.<\/figcaption><\/figure>\n\n\n\n<p>Mit unserer umfassenden Kenntnis von Dublin f\u00fchren wir Sie weg vom Gew\u00f6hnlichen und hin zum Au\u00dfergew\u00f6hnlichen. Von der Auswahl erstklassiger Unterk\u00fcnfte bis hin zu aufregenden und sicheren Aktivit\u00e4ten - wir haben jedes Detail im Blick.<\/p>\n\n\n\n<h1 class=\"wp-block-heading\">Unsere Expertise in der Junggesellenabschiedsplanung<\/h1>\n\n\n\n<p>Dublin Stag Do ist bekannt f\u00fcr die Organisation von unvergesslichen Junggesellenabschieden. Wir wissen, was einen Junggesellenabschied zu etwas Besonderem macht und sind bestrebt, diese Spannung in Ihr Dublin-Erlebnis zu bringen.<\/p>\n\n\n\n<p>Unser<strong> flexible Buchungsm\u00f6glichkeiten und finanzielle Sicherheit<\/strong> So k\u00f6nnen Sie stressfrei planen und wissen, dass Sie in guten H\u00e4nden sind.<\/p>\n\n\n\n<h1 class=\"wp-block-heading\">Unser personalisierter Ansatz<\/h1>\n\n\n\n<p>Wir schneidern Ihr Junggesellen-Wochenende in Dublin genau auf den Stil Ihrer Gruppe zu. Unser engagiertes Team k\u00fcmmert sich um die Planung und Logistik und sorgt f\u00fcr ein <strong>nahtlose Erfahrung ohne zus\u00e4tzliche Kosten.<\/strong><\/p>\n\n\n\n<figure class=\"wp-block-image size-full\"><img loading=\"lazy\" decoding=\"async\" width=\"2000\" height=\"1212\" src=\"https:\/\/dublinstagdo.com\/wp-content\/uploads\/dublin-13-scaled.webp\" alt=\"Fluss Liffey Panorama Dublin Irland\" class=\"wp-image-958\" srcset=\"https:\/\/dublinstagdo.com\/wp-content\/uploads\/dublin-13-scaled.webp 2000w, https:\/\/dublinstagdo.com\/wp-content\/uploads\/dublin-13-scaled-300x182.webp 300w, https:\/\/dublinstagdo.com\/wp-content\/uploads\/dublin-13-scaled-1024x621.webp 1024w, https:\/\/dublinstagdo.com\/wp-content\/uploads\/dublin-13-scaled-768x465.webp 768w, https:\/\/dublinstagdo.com\/wp-content\/uploads\/dublin-13-scaled-1536x931.webp 1536w, https:\/\/dublinstagdo.com\/wp-content\/uploads\/dublin-13-scaled-18x12.webp 18w\" sizes=\"auto, (max-width: 2000px) 100vw, 2000px\" \/><figcaption class=\"wp-element-caption\">Fluss Liffey Panorama.<\/figcaption><\/figure>\n\n\n\n<p>Wir unterst\u00fctzen Sie bei allen Fragen und Problemen w\u00e4hrend Ihres Aufenthalts und geben Ihnen wichtige Informationen, damit Sie die pulsierende Atmosph\u00e4re Dublins voll und ganz genie\u00dfen k\u00f6nnen.<\/p>\n\n\n\n<h1 class=\"wp-block-heading\">Planen Sie Ihren ultimativen Junggesellenabschied mit uns<\/h1>\n\n\n\n<p>Unser Fachwissen und unsere Ortskenntnisse sorgen f\u00fcr ein reibungsloses, unvergessliches Wochenende. Kontaktieren Sie uns noch heute, um mit der Planung Ihres <strong>Unvergesslicher Junggesellenabschied in Dublin.<\/strong><\/p>\n\n\n\n<p>Interessieren Sie sich f\u00fcr andere Reiseziele f\u00fcr Junggesellen? Sehen Sie sich unsere Liste unten an:<\/p>\n\n\n\n<ul class=\"wp-block-list\">\n<li><a href=\"https:\/\/amsterdam-stag-do.com\/\">Amsterdam Junggesellenabschied<\/a><\/li>\n\n\n\n<li><a href=\"https:\/\/berlin-stag-do.com\/\">Berlin Junggesellenabschied<\/a><\/li>\n\n\n\n<li><a href=\"https:\/\/hamburgstagdo.com\/\">Hamburger Junggesellenabschied<\/a><\/li>\n\n\n\n<li><a href=\"https:\/\/hvarstagdo.com\/\">Hvar Junggesellenabschied<\/a><\/li>\n\n\n\n<li><a href=\"https:\/\/lisbonstagdo.com\/\">Lissabon Junggesellenabschied<\/a><\/li>\n\n\n\n<li><a href=\"https:\/\/munichstagdo.com\/\">M\u00fcnchener Junggesellenabschied<\/a><\/li>\n\n\n\n<li><a href=\"https:\/\/prague-stag-do.com\/\">Prag Junggesellenabschied<\/a><\/li>\n\n\n\n<li><a href=\"https:\/\/riga-stag-do.com\/\">Rigaer Junggesellenabschied<\/a><\/li>\n\n\n\n<li><a href=\"https:\/\/stagpartyljubljana.com\/\">Junggesellenabschied Ljubljana<\/a><\/li>\n\n\n\n<li><a href=\"https:\/\/ibizastagdo.com\">Ibiza Junggesellenabschied<\/a><\/li>\n\n\n\n<li><a href=\"https:\/\/benidorm-stag-do.com\/\">Benidorm Junggesellenabschied<\/a><\/li>\n\n\n\n<li><a href=\"https:\/\/budapest-stag-do.com\/\">Budapest Junggesellenabschied<\/a><\/li>\n\n\n\n<li><a href=\"https:\/\/stagdovegas.com\/\">Junggesellenabschied Vegas<\/a><\/li>\n\n\n\n<li><a href=\"https:\/\/stagdobarcelona.com\/\">Junggesellenabschied Barcelona<\/a><\/li>\n\n\n\n<li><a href=\"https:\/\/stagdozagreb.com\/\">Junggesellenabschied Zagreb<\/a><\/li>\n\n\n\n<li><a href=\"https:\/\/splitstagdo.com\/\">Split Junggesellenabschied<\/a><\/li>\n\n\n\n<li><a href=\"https:\/\/dubrovnikstagdo.com\/\">Dubrovnik Junggesellenabschied<\/a><\/li>\n\n\n\n<li><a href=\"https:\/\/madridstagdo.com\/\">Madrid Junggesellenabschied<\/a><\/li>\n\n\n\n<li><a href=\"https:\/\/bucharest-stag-do.com\/\">Bukarest Junggesellenabschied<\/a><\/li>\n\n\n\n<li><a href=\"https:\/\/albufeirastagdo.com\/\">Albufeira Junggesellenabschied<\/a><\/li>\n\n\n\n<li><a href=\"https:\/\/stagdokrakow.com\/\">Krakau Junggesellenabschied<\/a><\/li>\n<\/ul>","protected":false},"excerpt":{"rendered":"<p>Wir von Dublin Stag Do sind darauf spezialisiert, Ihr Junggesellenwochenende zu einem au\u00dfergew\u00f6hnlichen Erlebnis zu machen. Wir verstehen, dass die Planung einer solchen Veranstaltung entmutigend sein kann, aber wir sind hier, um diese Last zu erleichtern. Unser Versprechen f\u00fcr herausragenden Service Wir bieten au\u00dfergew\u00f6hnlichen Service und einen reibungslosen Ablauf. Wir arbeiten eng mit Ihnen zusammen und erstellen einen ma\u00dfgeschneiderten Reiseplan, der ... <a href=\"https:\/\/dublinstagdo.com\/de\/uber-uns\/\">Fortsetzung<\/a><\/p>","protected":false},"author":36,"featured_media":953,"parent":0,"menu_order":0,"comment_status":"closed","ping_status":"closed","template":"","meta":{"_acf_changed":false,"footnotes":""},"class_list":["post-39","page","type-page","status-publish","has-post-thumbnail","hentry"],"acf":{"page_subheading":"Discover Dublin with Us \u2014 Unparalleled stag do experiences tailored by experts. From iconic pubs to thrilling adventures, make memories that last a lifetime."},"_links":{"self":[{"href":"https:\/\/dublinstagdo.com\/de\/wp-json\/wp\/v2\/pages\/39","targetHints":{"allow":["GET"]}}],"collection":[{"href":"https:\/\/dublinstagdo.com\/de\/wp-json\/wp\/v2\/pages"}],"about":[{"href":"https:\/\/dublinstagdo.com\/de\/wp-json\/wp\/v2\/types\/page"}],"author":[{"embeddable":true,"href":"https:\/\/dublinstagdo.com\/de\/wp-json\/wp\/v2\/users\/36"}],"replies":[{"embeddable":true,"href":"https:\/\/dublinstagdo.com\/de\/wp-json\/wp\/v2\/comments?post=39"}],"version-history":[{"count":6,"href":"https:\/\/dublinstagdo.com\/de\/wp-json\/wp\/v2\/pages\/39\/revisions"}],"predecessor-version":[{"id":5287,"href":"https:\/\/dublinstagdo.com\/de\/wp-json\/wp\/v2\/pages\/39\/revisions\/5287"}],"wp:featuredmedia":[{"embeddable":true,"href":"https:\/\/dublinstagdo.com\/de\/wp-json\/wp\/v2\/media\/953"}],"wp:attachment":[{"href":"https:\/\/dublinstagdo.com\/de\/wp-json\/wp\/v2\/media?parent=39"}],"curies":[{"name":"wp","href":"https:\/\/api.w.org\/{rel}","templated":true}]}}