{"id":614,"date":"2023-10-03T07:52:44","date_gmt":"2023-10-03T07:52:44","guid":{"rendered":"https:\/\/dublinstagdo.com\/?page_id=614"},"modified":"2023-12-07T13:23:19","modified_gmt":"2023-12-07T13:23:19","slug":"wie-man-nach-dublin-kommt","status":"publish","type":"page","link":"https:\/\/dublinstagdo.com\/de\/wie-man-nach-dublin-kommt\/","title":{"rendered":"Wie man nach Dublin kommt"},"content":{"rendered":"<p>Dublin ist mit seiner reichen Geschichte, seinem pulsierenden Nachtleben und seinen malerischen Aussichten ein beliebter Hotspot f\u00fcr Reisende. Egal, ob Sie ein lebhaftes Junggesellenabschieds-Wochenende oder einen ruhigen Kurzurlaub planen, die Anreise nach Dublin ist einfach und problemlos. In diesem Reisef\u00fchrer werden die verschiedenen Wege zu diesem wundersch\u00f6nen irischen Juwel beschrieben.<\/p>\n\n\n\n<h1 class=\"wp-block-heading\">Fliegen nach Dublin<\/h1>\n\n\n\n<p>Die direkteste und schnellste Art, Dublin zu erreichen, ist mit dem Flugzeug. <strong>Flughafen Dublin (DUB)<\/strong> ist gut an zahlreiche europ\u00e4ische Gro\u00dfst\u00e4dte angebunden, darunter auch London. Verschiedene Fluggesellschaften bieten Fl\u00fcge von London nach Dublin an, darunter Billigfluglinien wie Ryanair und Full-Service-Airlines wie British Airways.<\/p>\n\n\n\n<figure class=\"wp-block-image size-full\"><img loading=\"lazy\" decoding=\"async\" width=\"2000\" height=\"1365\" src=\"https:\/\/dublinstagdo.com\/wp-content\/uploads\/dublin-17-scaled.webp\" alt=\"Nachtansicht der Temple Bar Street in Dublin, Irland\" class=\"wp-image-965\" srcset=\"https:\/\/dublinstagdo.com\/wp-content\/uploads\/dublin-17-scaled.webp 2000w, https:\/\/dublinstagdo.com\/wp-content\/uploads\/dublin-17-scaled-300x205.webp 300w, https:\/\/dublinstagdo.com\/wp-content\/uploads\/dublin-17-scaled-1024x699.webp 1024w, https:\/\/dublinstagdo.com\/wp-content\/uploads\/dublin-17-scaled-768x524.webp 768w, https:\/\/dublinstagdo.com\/wp-content\/uploads\/dublin-17-scaled-1536x1048.webp 1536w, https:\/\/dublinstagdo.com\/wp-content\/uploads\/dublin-17-scaled-18x12.webp 18w\" sizes=\"auto, (max-width: 2000px) 100vw, 2000px\" \/><figcaption class=\"wp-element-caption\">Nachtansicht der Temple Bar Street in Dublin<\/figcaption><\/figure>\n\n\n\n<p>Bei Ihrer Ankunft k\u00f6nnen wir <a href=\"https:\/\/dublinstagdo.com\/de\/uberweisungen\/\">Sie abholen zu lassen<\/a> Wir holen Sie vom Flughafen ab und bringen Sie zu Ihrer Unterkunft.<\/p>\n\n\n\n<h1 class=\"wp-block-heading\">Mit dem Zug nach Dublin<\/h1>\n\n\n\n<p>F\u00fcr diejenigen, die bereits in Irland sind, ist die Anreise nach Dublin mit dem Zug eine bequeme Option. Aufgrund seiner zentralen Lage wird Dublin von Irish Rail gut bedient und bietet Verbindungen von verschiedenen St\u00e4dten in ganz Irland. Die Zugfahrt bietet landschaftlich reizvolle Aussichten und eine bequeme Reise, was sie zu einem angenehmen Erlebnis f\u00fcr Gruppen macht.<\/p>\n\n\n\n<h1 class=\"wp-block-heading\">Mit der F\u00e4hre<\/h1>\n\n\n\n<p>Bei Ihrer Ankunft an einem der zentralen Bahnh\u00f6fe Dublins k\u00f6nnen wir Sie abholen und direkt zu Ihrer Unterkunft bringen, um eine reibungslose Weiterreise in das Herz der Stadt und den Beginn Ihres Junggesellenwochenendes zu gew\u00e4hrleisten.<\/p>\n\n\n\n<p>Eine weitere <strong>landschaftlich reizvoller Weg nach Dublin <\/strong>mit einer F\u00e4hre aus dem Vereinigten K\u00f6nigreich. Diese Reise bietet ein entspannendes und visuell fesselndes Erlebnis, das einen einzigartigen Start in Ihr Junggesellenwochenende darstellt.<\/p>\n\n\n\n<p>Bei Ihrer Ankunft in Dublin k\u00f6nnen wir Sie am F\u00e4hrterminal abholen und Sie direkt zu Ihrer Unterkunft begleiten.<\/p>\n\n\n\n<h1 class=\"wp-block-heading\">Fortbewegung in Dublin<\/h1>\n\n\n\n<p>Sobald Sie in Dublin gelandet sind, haben Sie verschiedene M\u00f6glichkeiten, sich in der Stadt fortzubewegen. Sie k\u00f6nnen ein Auto mieten, ein Taxi nehmen oder die \u00f6ffentlichen Verkehrsmittel benutzen. Wenn Sie jedoch ein nahtloses Erlebnis ohne logistische Probleme w\u00fcnschen, sollten Sie unseren Transferservice in Anspruch nehmen.<\/p>\n\n\n\n<figure class=\"wp-block-image size-large\"><img decoding=\"async\" src=\"https:\/\/dublinstagdo.com\/wp-content\/uploads\/dublin-ireland-center-symbol-spire-stockpack-adobe-stock-1024x684.webp\" alt=\"Dublin, Irland Zentrumssymbol - Kirchturm\" class=\"wp-image-967\"\/><figcaption class=\"wp-element-caption\">Dublin, Irland Zentrumssymbol - Kirchturm<\/figcaption><\/figure>\n\n\n\n<p>Zusammenfassend l\u00e4sst sich sagen, dass die Anreise nach Dublin einfach und problemlos ist und es verschiedene M\u00f6glichkeiten gibt, die Ihren Vorlieben und Ihrem Budget entsprechen. Egal, ob Sie mit dem Flugzeug oder der F\u00e4hre ankommen, Sie werden sich in dieser lebendigen Stadt wiederfinden, bereit, ein episches Junggesellenwochenende zu beginnen.<\/p>","protected":false},"excerpt":{"rendered":"<p>Dublin ist mit seiner reichen Geschichte, seinem pulsierenden Nachtleben und seinen malerischen Aussichten ein beliebter Hotspot f\u00fcr Reisende. Egal, ob Sie ein lebhaftes Junggesellenabschieds-Wochenende oder einen ruhigen Kurzurlaub planen, die Anreise nach Dublin ist einfach und problemlos. In diesem Leitfaden werden die verschiedenen Wege zu diesem wundersch\u00f6nen irischen Juwel beschrieben. Fliegen nach Dublin Der direkteste und schnellste Weg nach ... <a href=\"https:\/\/dublinstagdo.com\/de\/wie-man-nach-dublin-kommt\/\">Fortsetzung<\/a><\/p>","protected":false},"author":36,"featured_media":947,"parent":0,"menu_order":0,"comment_status":"closed","ping_status":"closed","template":"","meta":{"_acf_changed":false,"footnotes":""},"class_list":["post-614","page","type-page","status-publish","has-post-thumbnail","hentry"],"acf":{"page_subheading":"Discover the prime routes to the party heartland of Dublin for your stag bash. Explore flying into Dublin or taking the ferry for your thrilling journey."},"_links":{"self":[{"href":"https:\/\/dublinstagdo.com\/de\/wp-json\/wp\/v2\/pages\/614","targetHints":{"allow":["GET"]}}],"collection":[{"href":"https:\/\/dublinstagdo.com\/de\/wp-json\/wp\/v2\/pages"}],"about":[{"href":"https:\/\/dublinstagdo.com\/de\/wp-json\/wp\/v2\/types\/page"}],"author":[{"embeddable":true,"href":"https:\/\/dublinstagdo.com\/de\/wp-json\/wp\/v2\/users\/36"}],"replies":[{"embeddable":true,"href":"https:\/\/dublinstagdo.com\/de\/wp-json\/wp\/v2\/comments?post=614"}],"version-history":[{"count":5,"href":"https:\/\/dublinstagdo.com\/de\/wp-json\/wp\/v2\/pages\/614\/revisions"}],"predecessor-version":[{"id":970,"href":"https:\/\/dublinstagdo.com\/de\/wp-json\/wp\/v2\/pages\/614\/revisions\/970"}],"wp:featuredmedia":[{"embeddable":true,"href":"https:\/\/dublinstagdo.com\/de\/wp-json\/wp\/v2\/media\/947"}],"wp:attachment":[{"href":"https:\/\/dublinstagdo.com\/de\/wp-json\/wp\/v2\/media?parent=614"}],"curies":[{"name":"wp","href":"https:\/\/api.w.org\/{rel}","templated":true}]}}