{"id":39,"date":"2023-01-16T13:14:25","date_gmt":"2023-01-16T13:14:25","guid":{"rendered":"https:\/\/dublinstagdo.com\/about-us\/"},"modified":"2026-02-24T08:28:21","modified_gmt":"2026-02-24T08:28:21","slug":"acerca-de-nosotros","status":"publish","type":"page","link":"https:\/\/dublinstagdo.com\/es\/acerca-de-nosotros\/","title":{"rendered":"Qui\u00e9nes somos"},"content":{"rendered":"<p>En Dublin Stag Do, nos especializamos en convertir tu despedida de soltero en una experiencia extraordinaria. Entendemos que la planificaci\u00f3n de un evento de este tipo puede ser desalentador, pero estamos aqu\u00ed para aliviar esa carga.<\/p>\n\n\n\n<h1 class=\"wp-block-heading\">Nuestro compromiso de servicio excepcional<\/h1>\n\n\n\n<p>Ofrecemos<strong> un servicio excepcional y una experiencia sin contratiempos<\/strong>. Trabajamos estrechamente con usted para crear un itinerario a medida que se adapte a los gustos e intereses \u00fanicos de su grupo.<\/p>\n\n\n\n<figure class=\"wp-block-image size-full\"><img loading=\"lazy\" decoding=\"async\" width=\"2000\" height=\"1332\" src=\"https:\/\/dublinstagdo.com\/wp-content\/uploads\/dublin-7-scaled.webp\" alt=\"Orilla norte del r\u00edo Liffey en el centro de Dubl\u00edn por la noche\" class=\"wp-image-950\" srcset=\"https:\/\/dublinstagdo.com\/wp-content\/uploads\/dublin-7-scaled.webp 2000w, https:\/\/dublinstagdo.com\/wp-content\/uploads\/dublin-7-scaled-300x200.webp 300w, https:\/\/dublinstagdo.com\/wp-content\/uploads\/dublin-7-scaled-1024x682.webp 1024w, https:\/\/dublinstagdo.com\/wp-content\/uploads\/dublin-7-scaled-768x511.webp 768w, https:\/\/dublinstagdo.com\/wp-content\/uploads\/dublin-7-scaled-1536x1023.webp 1536w, https:\/\/dublinstagdo.com\/wp-content\/uploads\/dublin-7-scaled-18x12.webp 18w\" sizes=\"auto, (max-width: 2000px) 100vw, 2000px\" \/><figcaption class=\"wp-element-caption\">Orilla norte del r\u00edo Liffey en el centro de Dubl\u00edn por la noche.<\/figcaption><\/figure>\n\n\n\n<p>Aprovechando nuestro amplio conocimiento de Dubl\u00edn, le guiamos lejos de lo habitual y hacia lo extraordinario. Desde la selecci\u00f3n de alojamientos de primera categor\u00eda hasta la realizaci\u00f3n de actividades emocionantes y seguras, tenemos todos los detalles cubiertos.<\/p>\n\n\n\n<h1 class=\"wp-block-heading\">Nuestra experiencia en organizaci\u00f3n de despedidas de soltero<\/h1>\n\n\n\n<p>Dublin Stag Do es famosa por organizar despedidas de soltero memorables. Sabemos lo que hace que una despedida de soltero sea especial y nos comprometemos a llevar esa emoci\u00f3n a tu experiencia en Dubl\u00edn.<\/p>\n\n\n\n<p>Nuestra<strong> opciones de reserva flexibles y seguridad financiera<\/strong> significa que puede planificar sin estr\u00e9s, sabiendo que est\u00e1 en buenas manos.<\/p>\n\n\n\n<h1 class=\"wp-block-heading\">Nuestro enfoque personalizado<\/h1>\n\n\n\n<p>Adaptamos su despedida de soltero en Dubl\u00edn al estilo de su grupo. Nuestro equipo especializado se encarga de la planificaci\u00f3n y la log\u00edstica, garantizando un <strong>experiencia fluida sin coste adicional.<\/strong><\/p>\n\n\n\n<figure class=\"wp-block-image size-full\"><img loading=\"lazy\" decoding=\"async\" width=\"2000\" height=\"1212\" src=\"https:\/\/dublinstagdo.com\/wp-content\/uploads\/dublin-13-scaled.webp\" alt=\"Panorama del r\u00edo Liffey Dubl\u00edn Irlanda\" class=\"wp-image-958\" srcset=\"https:\/\/dublinstagdo.com\/wp-content\/uploads\/dublin-13-scaled.webp 2000w, https:\/\/dublinstagdo.com\/wp-content\/uploads\/dublin-13-scaled-300x182.webp 300w, https:\/\/dublinstagdo.com\/wp-content\/uploads\/dublin-13-scaled-1024x621.webp 1024w, https:\/\/dublinstagdo.com\/wp-content\/uploads\/dublin-13-scaled-768x465.webp 768w, https:\/\/dublinstagdo.com\/wp-content\/uploads\/dublin-13-scaled-1536x931.webp 1536w, https:\/\/dublinstagdo.com\/wp-content\/uploads\/dublin-13-scaled-18x12.webp 18w\" sizes=\"auto, (max-width: 2000px) 100vw, 2000px\" \/><figcaption class=\"wp-element-caption\">Panorama del r\u00edo Liffey.<\/figcaption><\/figure>\n\n\n\n<p>Con un apoyo continuo, resolvemos cualquier duda o problema durante su estancia, proporcion\u00e1ndole informaci\u00f3n esencial para sumergirse plenamente en el vibrante ambiente de Dubl\u00edn.<\/p>\n\n\n\n<h1 class=\"wp-block-heading\">Planifique su despedida de soltero definitiva con nosotros<\/h1>\n\n\n\n<p>Nuestra experiencia y conocimientos locales garantizan un fin de semana memorable y sin contratiempos. P\u00f3ngase en contacto con nosotros hoy mismo para <strong>Una despedida de soltero inolvidable en Dubl\u00edn.<\/strong><\/p>\n\n\n\n<p>\u00bfLe interesan otros destinos para despedidas de soltero? Consulte nuestra lista a continuaci\u00f3n:<\/p>\n\n\n\n<ul class=\"wp-block-list\">\n<li><a href=\"https:\/\/amsterdam-stag-do.com\/\">Despedida de soltero en \u00c1msterdam<\/a><\/li>\n\n\n\n<li><a href=\"https:\/\/berlin-stag-do.com\/\">Despedida de soltero en Berl\u00edn<\/a><\/li>\n\n\n\n<li><a href=\"https:\/\/hamburgstagdo.com\/\">Despedida de soltero en Hamburgo<\/a><\/li>\n\n\n\n<li><a href=\"https:\/\/hvarstagdo.com\/\">Despedida de soltero en Hvar<\/a><\/li>\n\n\n\n<li><a href=\"https:\/\/lisbonstagdo.com\/\">Despedida de soltero en Lisboa<\/a><\/li>\n\n\n\n<li><a href=\"https:\/\/munichstagdo.com\/\">Despedida de soltero en M\u00fanich<\/a><\/li>\n\n\n\n<li><a href=\"https:\/\/prague-stag-do.com\/\">Despedida de soltero en Praga<\/a><\/li>\n\n\n\n<li><a href=\"https:\/\/riga-stag-do.com\/\">Despedida de soltero en Riga<\/a><\/li>\n\n\n\n<li><a href=\"https:\/\/stagpartyljubljana.com\/\">Despedida de soltero Liubliana<\/a><\/li>\n\n\n\n<li><a href=\"https:\/\/ibizastagdo.com\">Despedida de soltero en Ibiza<\/a><\/li>\n\n\n\n<li><a href=\"https:\/\/benidorm-stag-do.com\/\">Benidorm Despedida de soltero<\/a><\/li>\n\n\n\n<li><a href=\"https:\/\/budapest-stag-do.com\/\">Despedida de soltero en Budapest<\/a><\/li>\n\n\n\n<li><a href=\"https:\/\/stagdovegas.com\/\">Despedida de soltero en Las Vegas<\/a><\/li>\n\n\n\n<li><a href=\"https:\/\/stagdobarcelona.com\/\">Despedida de soltero Barcelona<\/a><\/li>\n\n\n\n<li><a href=\"https:\/\/stagdozagreb.com\/\">Despedida de soltero Zagreb<\/a><\/li>\n\n\n\n<li><a href=\"https:\/\/splitstagdo.com\/\">Despedida de soltero en Split<\/a><\/li>\n\n\n\n<li><a href=\"https:\/\/dubrovnikstagdo.com\/\">Despedida de soltero en Dubrovnik<\/a><\/li>\n\n\n\n<li><a href=\"https:\/\/madridstagdo.com\/\">Despedida de soltero en Madrid<\/a><\/li>\n\n\n\n<li><a href=\"https:\/\/bucharest-stag-do.com\/\">Despedida de soltero en Bucarest<\/a><\/li>\n\n\n\n<li><a href=\"https:\/\/albufeirastagdo.com\/\">Despedida de soltero en Albufeira<\/a><\/li>\n\n\n\n<li><a href=\"https:\/\/stagdokrakow.com\/\">Despedida de soltero en Cracovia<\/a><\/li>\n<\/ul>","protected":false},"excerpt":{"rendered":"<p>En Dublin Stag Do, nos especializamos en convertir tu despedida de soltero en una experiencia extraordinaria. Entendemos que la planificaci\u00f3n de un evento de este tipo puede ser desalentador, pero estamos aqu\u00ed para aliviar esa carga. Nuestra promesa de un servicio excepcional Ofrecemos un servicio excepcional y una experiencia sin complicaciones. Trabajamos estrechamente con usted, creando un itinerario a medida que ... <a href=\"https:\/\/dublinstagdo.com\/es\/acerca-de-nosotros\/\">Contin\u00faa en<\/a><\/p>","protected":false},"author":36,"featured_media":953,"parent":0,"menu_order":0,"comment_status":"closed","ping_status":"closed","template":"","meta":{"_acf_changed":false,"footnotes":""},"class_list":["post-39","page","type-page","status-publish","has-post-thumbnail","hentry"],"acf":{"page_subheading":"Discover Dublin with Us \u2014 Unparalleled stag do experiences tailored by experts. From iconic pubs to thrilling adventures, make memories that last a lifetime."},"_links":{"self":[{"href":"https:\/\/dublinstagdo.com\/es\/wp-json\/wp\/v2\/pages\/39","targetHints":{"allow":["GET"]}}],"collection":[{"href":"https:\/\/dublinstagdo.com\/es\/wp-json\/wp\/v2\/pages"}],"about":[{"href":"https:\/\/dublinstagdo.com\/es\/wp-json\/wp\/v2\/types\/page"}],"author":[{"embeddable":true,"href":"https:\/\/dublinstagdo.com\/es\/wp-json\/wp\/v2\/users\/36"}],"replies":[{"embeddable":true,"href":"https:\/\/dublinstagdo.com\/es\/wp-json\/wp\/v2\/comments?post=39"}],"version-history":[{"count":6,"href":"https:\/\/dublinstagdo.com\/es\/wp-json\/wp\/v2\/pages\/39\/revisions"}],"predecessor-version":[{"id":5287,"href":"https:\/\/dublinstagdo.com\/es\/wp-json\/wp\/v2\/pages\/39\/revisions\/5287"}],"wp:featuredmedia":[{"embeddable":true,"href":"https:\/\/dublinstagdo.com\/es\/wp-json\/wp\/v2\/media\/953"}],"wp:attachment":[{"href":"https:\/\/dublinstagdo.com\/es\/wp-json\/wp\/v2\/media?parent=39"}],"curies":[{"name":"wp","href":"https:\/\/api.w.org\/{rel}","templated":true}]}}