{"id":614,"date":"2023-10-03T07:52:44","date_gmt":"2023-10-03T07:52:44","guid":{"rendered":"https:\/\/dublinstagdo.com\/?page_id=614"},"modified":"2023-12-07T13:23:19","modified_gmt":"2023-12-07T13:23:19","slug":"como-llegar-a-dublin","status":"publish","type":"page","link":"https:\/\/dublinstagdo.com\/es\/como-llegar-a-dublin\/","title":{"rendered":"C\u00f3mo llegar a Dubl\u00edn"},"content":{"rendered":"<p>Dubl\u00edn es un lugar muy apreciado por los viajeros, por su rica historia, su animada vida nocturna y sus pintorescas vistas. Tanto si busca un animado fin de semana de despedida de soltero como una escapada tranquila, llegar a Dubl\u00edn es sencillo y sin complicaciones. Esta gu\u00eda explora las diferentes v\u00edas de acceso a esta hermosa joya irlandesa.<\/p>\n\n\n\n<h1 class=\"wp-block-heading\">Volar a Dubl\u00edn<\/h1>\n\n\n\n<p>La forma m\u00e1s directa y r\u00e1pida de llegar a Dubl\u00edn es en avi\u00f3n. <strong>Aeropuerto de Dubl\u00edn (DUB)<\/strong> est\u00e1 bien conectada con numerosas ciudades europeas clave, entre ellas Londres. Varias aerol\u00edneas operan vuelos de Londres a Dubl\u00edn, entre ellas compa\u00f1\u00edas de bajo coste como Ryanair y aerol\u00edneas de servicio completo como British Airways.<\/p>\n\n\n\n<figure class=\"wp-block-image size-full\"><img loading=\"lazy\" decoding=\"async\" width=\"2000\" height=\"1365\" src=\"https:\/\/dublinstagdo.com\/wp-content\/uploads\/dublin-17-scaled.webp\" alt=\"Vista nocturna de la calle Temple Bar en Dubl\u00edn, Irlanda\" class=\"wp-image-965\" srcset=\"https:\/\/dublinstagdo.com\/wp-content\/uploads\/dublin-17-scaled.webp 2000w, https:\/\/dublinstagdo.com\/wp-content\/uploads\/dublin-17-scaled-300x205.webp 300w, https:\/\/dublinstagdo.com\/wp-content\/uploads\/dublin-17-scaled-1024x699.webp 1024w, https:\/\/dublinstagdo.com\/wp-content\/uploads\/dublin-17-scaled-768x524.webp 768w, https:\/\/dublinstagdo.com\/wp-content\/uploads\/dublin-17-scaled-1536x1048.webp 1536w, https:\/\/dublinstagdo.com\/wp-content\/uploads\/dublin-17-scaled-18x12.webp 18w\" sizes=\"auto, (max-width: 2000px) 100vw, 2000px\" \/><figcaption class=\"wp-element-caption\">Vista nocturna de la calle Temple Bar de Dubl\u00edn<\/figcaption><\/figure>\n\n\n\n<p>A su llegada, podemos <a href=\"https:\/\/dublinstagdo.com\/es\/transferencias\/\">organizar su recogida<\/a> desde el aeropuerto y transportarle hasta su alojamiento.<\/p>\n\n\n\n<h1 class=\"wp-block-heading\">En tren a Dubl\u00edn<\/h1>\n\n\n\n<p>Para los que ya est\u00e1n en Irlanda, llegar a Dubl\u00edn en tren es una opci\u00f3n c\u00f3moda. Gracias a su c\u00e9ntrica ubicaci\u00f3n, Dubl\u00edn est\u00e1 bien comunicada por Irish Rail, que ofrece conexiones desde varias ciudades de Irlanda. El viaje en tren ofrece vistas panor\u00e1micas y un viaje c\u00f3modo, lo que lo convierte en una experiencia agradable para los grupos.<\/p>\n\n\n\n<h1 class=\"wp-block-heading\">Tomar el transbordador<\/h1>\n\n\n\n<p>A su llegada a una de las estaciones de tren centrales de Dubl\u00edn, podemos encargarnos de recogerle y trasladarle directamente a su alojamiento, garantizando una continuaci\u00f3n sin problemas de su viaje hasta el coraz\u00f3n de la ciudad y el comienzo de su despedida de soltero.<\/p>\n\n\n\n<p>Otro <strong>forma panor\u00e1mica de llegar a Dubl\u00edn <\/strong>es a trav\u00e9s de un ferry desde el Reino Unido. Este viaje ofrece una experiencia relajante y visualmente cautivadora, proporcionando un comienzo \u00fanico para su despedida de soltero.<\/p>\n\n\n\n<p>A su llegada a Dubl\u00edn, podemos recogerle en la terminal del ferry y acompa\u00f1arle directamente a su alojamiento.<\/p>\n\n\n\n<h1 class=\"wp-block-heading\">Moverse por Dubl\u00edn<\/h1>\n\n\n\n<p>Una vez que haya aterrizado en Dubl\u00edn, encontrar\u00e1 varias opciones para moverse por la ciudad. Puede alquilar un coche, coger un taxi o utilizar el transporte p\u00fablico. Sin embargo, para disfrutar de una experiencia fluida y sin preocupaciones log\u00edsticas, considere nuestros servicios de traslado.<\/p>\n\n\n\n<figure class=\"wp-block-image size-large\"><img decoding=\"async\" src=\"https:\/\/dublinstagdo.com\/wp-content\/uploads\/dublin-ireland-center-symbol-spire-stockpack-adobe-stock-1024x684.webp\" alt=\"Dubl\u00edn, Irlanda s\u00edmbolo del centro - aguja\" class=\"wp-image-967\"\/><figcaption class=\"wp-element-caption\">Dubl\u00edn, Irlanda s\u00edmbolo del centro - aguja<\/figcaption><\/figure>\n\n\n\n<p>En conclusi\u00f3n, llegar a Dubl\u00edn es sencillo y sin complicaciones, con diversas opciones que se adaptan a sus preferencias y presupuesto. Tanto si llega en avi\u00f3n como en ferry, se encontrar\u00e1 en esta animada ciudad, listo para dar el pistoletazo de salida a un fin de semana de despedida de soltero \u00e9pico.<\/p>","protected":false},"excerpt":{"rendered":"<p>Dubl\u00edn es un lugar muy apreciado por los viajeros, por su rica historia, su animada vida nocturna y sus pintorescas vistas. Tanto si buscas un animado fin de semana de despedida de soltero como una escapada tranquila, llegar a Dubl\u00edn es sencillo y sin complicaciones. Esta gu\u00eda explora las diferentes v\u00edas de acceso a esta hermosa joya irlandesa. Volar a Dubl\u00edn La forma m\u00e1s directa y r\u00e1pida de ... <a href=\"https:\/\/dublinstagdo.com\/es\/como-llegar-a-dublin\/\">Contin\u00faa en<\/a><\/p>","protected":false},"author":36,"featured_media":947,"parent":0,"menu_order":0,"comment_status":"closed","ping_status":"closed","template":"","meta":{"_acf_changed":false,"footnotes":""},"class_list":["post-614","page","type-page","status-publish","has-post-thumbnail","hentry"],"acf":{"page_subheading":"Discover the prime routes to the party heartland of Dublin for your stag bash. Explore flying into Dublin or taking the ferry for your thrilling journey."},"_links":{"self":[{"href":"https:\/\/dublinstagdo.com\/es\/wp-json\/wp\/v2\/pages\/614","targetHints":{"allow":["GET"]}}],"collection":[{"href":"https:\/\/dublinstagdo.com\/es\/wp-json\/wp\/v2\/pages"}],"about":[{"href":"https:\/\/dublinstagdo.com\/es\/wp-json\/wp\/v2\/types\/page"}],"author":[{"embeddable":true,"href":"https:\/\/dublinstagdo.com\/es\/wp-json\/wp\/v2\/users\/36"}],"replies":[{"embeddable":true,"href":"https:\/\/dublinstagdo.com\/es\/wp-json\/wp\/v2\/comments?post=614"}],"version-history":[{"count":5,"href":"https:\/\/dublinstagdo.com\/es\/wp-json\/wp\/v2\/pages\/614\/revisions"}],"predecessor-version":[{"id":970,"href":"https:\/\/dublinstagdo.com\/es\/wp-json\/wp\/v2\/pages\/614\/revisions\/970"}],"wp:featuredmedia":[{"embeddable":true,"href":"https:\/\/dublinstagdo.com\/es\/wp-json\/wp\/v2\/media\/947"}],"wp:attachment":[{"href":"https:\/\/dublinstagdo.com\/es\/wp-json\/wp\/v2\/media?parent=614"}],"curies":[{"name":"wp","href":"https:\/\/api.w.org\/{rel}","templated":true}]}}