{"id":39,"date":"2023-01-16T13:14:25","date_gmt":"2023-01-16T13:14:25","guid":{"rendered":"https:\/\/dublinstagdo.com\/about-us\/"},"modified":"2026-02-24T08:28:21","modified_gmt":"2026-02-24T08:28:21","slug":"a-propos-de-nous","status":"publish","type":"page","link":"https:\/\/dublinstagdo.com\/fr\/a-propos-de-nous\/","title":{"rendered":"\u00c0 propos de nous"},"content":{"rendered":"<p>\u00c0 Dublin Stag Do, nous nous sp\u00e9cialisons dans la transformation de votre week-end d'enterrement de vie de gar\u00e7on en une exp\u00e9rience extraordinaire. Nous comprenons que l'organisation d'un tel \u00e9v\u00e9nement peut \u00eatre d\u00e9courageante, mais nous sommes l\u00e0 pour all\u00e9ger ce fardeau.<\/p>\n\n\n\n<h1 class=\"wp-block-heading\">Notre promesse d'un service exceptionnel<\/h1>\n\n\n\n<p>Nous proposons<strong> un service exceptionnel et une exp\u00e9rience sans heurts<\/strong>. Nous travaillons en \u00e9troite collaboration avec vous, cr\u00e9ant un itin\u00e9raire sur mesure qui correspond aux go\u00fbts et aux int\u00e9r\u00eats uniques de votre groupe.<\/p>\n\n\n\n<figure class=\"wp-block-image size-full\"><img loading=\"lazy\" decoding=\"async\" width=\"2000\" height=\"1332\" src=\"https:\/\/dublinstagdo.com\/wp-content\/uploads\/dublin-7-scaled.webp\" alt=\"Rive nord de la rivi\u00e8re Liffey au centre ville de Dublin la nuit\" class=\"wp-image-950\" srcset=\"https:\/\/dublinstagdo.com\/wp-content\/uploads\/dublin-7-scaled.webp 2000w, https:\/\/dublinstagdo.com\/wp-content\/uploads\/dublin-7-scaled-300x200.webp 300w, https:\/\/dublinstagdo.com\/wp-content\/uploads\/dublin-7-scaled-1024x682.webp 1024w, https:\/\/dublinstagdo.com\/wp-content\/uploads\/dublin-7-scaled-768x511.webp 768w, https:\/\/dublinstagdo.com\/wp-content\/uploads\/dublin-7-scaled-1536x1023.webp 1536w, https:\/\/dublinstagdo.com\/wp-content\/uploads\/dublin-7-scaled-18x12.webp 18w\" sizes=\"auto, (max-width: 2000px) 100vw, 2000px\" \/><figcaption class=\"wp-element-caption\">Rive nord de la rivi\u00e8re Liffey dans le centre ville de Dublin la nuit.<\/figcaption><\/figure>\n\n\n\n<p>Gr\u00e2ce \u00e0 notre connaissance approfondie de Dublin, nous vous guidons loin des habitudes et vers l'extraordinaire. De la s\u00e9lection d'un h\u00e9bergement de premier ordre \u00e0 la garantie d'activit\u00e9s exaltantes et s\u00fbres, nous nous occupons de tous les d\u00e9tails.<\/p>\n\n\n\n<h1 class=\"wp-block-heading\">Notre expertise en mati\u00e8re d'organisation d'enterrement de vie de gar\u00e7on<\/h1>\n\n\n\n<p>Dublin Stag Do est r\u00e9put\u00e9 pour l'organisation de week-ends m\u00e9morables pour les enterrements de vie de gar\u00e7on. Nous savons ce qui rend un enterrement de vie de gar\u00e7on sp\u00e9cial et nous nous engageons \u00e0 apporter cette excitation \u00e0 votre exp\u00e9rience \u00e0 Dublin.<\/p>\n\n\n\n<p>Notre<strong> des options de r\u00e9servation flexibles et une s\u00e9curit\u00e9 financi\u00e8re<\/strong> Cela signifie que vous pouvez planifier sans stress, en sachant que vous \u00eates entre de bonnes mains.<\/p>\n\n\n\n<h1 class=\"wp-block-heading\">Notre approche personnalis\u00e9e<\/h1>\n\n\n\n<p>Nous adaptons votre week-end d'enterrement de vie de gar\u00e7on \u00e0 Dublin pour qu'il corresponde au style de votre groupe. Notre \u00e9quipe d\u00e9vou\u00e9e s'occupe de la planification et de la logistique, garantissant ainsi une exp\u00e9rience inoubliable. <strong>Une exp\u00e9rience sans faille et sans co\u00fbt suppl\u00e9mentaire.<\/strong><\/p>\n\n\n\n<figure class=\"wp-block-image size-full\"><img loading=\"lazy\" decoding=\"async\" width=\"2000\" height=\"1212\" src=\"https:\/\/dublinstagdo.com\/wp-content\/uploads\/dublin-13-scaled.webp\" alt=\"Rivi\u00e8re Liffey Panorama Dublin Irlande\" class=\"wp-image-958\" srcset=\"https:\/\/dublinstagdo.com\/wp-content\/uploads\/dublin-13-scaled.webp 2000w, https:\/\/dublinstagdo.com\/wp-content\/uploads\/dublin-13-scaled-300x182.webp 300w, https:\/\/dublinstagdo.com\/wp-content\/uploads\/dublin-13-scaled-1024x621.webp 1024w, https:\/\/dublinstagdo.com\/wp-content\/uploads\/dublin-13-scaled-768x465.webp 768w, https:\/\/dublinstagdo.com\/wp-content\/uploads\/dublin-13-scaled-1536x931.webp 1536w, https:\/\/dublinstagdo.com\/wp-content\/uploads\/dublin-13-scaled-18x12.webp 18w\" sizes=\"auto, (max-width: 2000px) 100vw, 2000px\" \/><figcaption class=\"wp-element-caption\">Panorama de la rivi\u00e8re Liffey.<\/figcaption><\/figure>\n\n\n\n<p>Gr\u00e2ce \u00e0 une assistance permanente, nous r\u00e9pondons \u00e0 toutes les questions et \u00e0 tous les probl\u00e8mes pendant votre s\u00e9jour, en vous fournissant des informations essentielles pour vous immerger pleinement dans l'atmosph\u00e8re vibrante de Dublin.<\/p>\n\n\n\n<h1 class=\"wp-block-heading\">Organisez votre enterrement de vie de gar\u00e7on avec nous<\/h1>\n\n\n\n<p>Notre expertise et notre connaissance des lieux vous garantissent un week-end m\u00e9morable et sans accroc. Contactez-nous d\u00e8s aujourd'hui pour commencer \u00e0 planifier votre <strong>Un enterrement de vie de gar\u00e7on inoubliable \u00e0 Dublin.<\/strong><\/p>\n\n\n\n<p>D'autres destinations pour les enterrements de vie de gar\u00e7on vous int\u00e9ressent ? Consultez notre liste ci-dessous :<\/p>\n\n\n\n<ul class=\"wp-block-list\">\n<li><a href=\"https:\/\/amsterdam-stag-do.com\/\">Enterrement de vie de gar\u00e7on \u00e0 Amsterdam<\/a><\/li>\n\n\n\n<li><a href=\"https:\/\/berlin-stag-do.com\/\">Enterrement de vie de gar\u00e7on \u00e0 Berlin<\/a><\/li>\n\n\n\n<li><a href=\"https:\/\/hamburgstagdo.com\/\">Enterrement de vie de gar\u00e7on \u00e0 Hambourg<\/a><\/li>\n\n\n\n<li><a href=\"https:\/\/hvarstagdo.com\/\">Enterrement de vie de gar\u00e7on \u00e0 Hvar<\/a><\/li>\n\n\n\n<li><a href=\"https:\/\/lisbonstagdo.com\/\">Enterrement de vie de gar\u00e7on \u00e0 Lisbonne<\/a><\/li>\n\n\n\n<li><a href=\"https:\/\/munichstagdo.com\/\">Enterrement de vie de gar\u00e7on \u00e0 Munich<\/a><\/li>\n\n\n\n<li><a href=\"https:\/\/prague-stag-do.com\/\">Enterrement de vie de gar\u00e7on \u00e0 Prague<\/a><\/li>\n\n\n\n<li><a href=\"https:\/\/riga-stag-do.com\/\">Enterrement de vie de gar\u00e7on \u00e0 Riga<\/a><\/li>\n\n\n\n<li><a href=\"https:\/\/stagpartyljubljana.com\/\">Enterrement de vie de gar\u00e7on Ljubljana<\/a><\/li>\n\n\n\n<li><a href=\"https:\/\/ibizastagdo.com\">Enterrement de vie de gar\u00e7on \u00e0 Ibiza<\/a><\/li>\n\n\n\n<li><a href=\"https:\/\/benidorm-stag-do.com\/\">Enterrement de vie de gar\u00e7on \u00e0 Benidorm<\/a><\/li>\n\n\n\n<li><a href=\"https:\/\/budapest-stag-do.com\/\">Enterrement de vie de gar\u00e7on \u00e0 Budapest<\/a><\/li>\n\n\n\n<li><a href=\"https:\/\/stagdovegas.com\/\">Enterrement de vie de gar\u00e7on \u00e0 Vegas<\/a><\/li>\n\n\n\n<li><a href=\"https:\/\/stagdobarcelona.com\/\">Enterrement de vie de gar\u00e7on \u00e0 Barcelone<\/a><\/li>\n\n\n\n<li><a href=\"https:\/\/stagdozagreb.com\/\">Enterrement de vie de gar\u00e7on \u00e0 Zagreb<\/a><\/li>\n\n\n\n<li><a href=\"https:\/\/splitstagdo.com\/\">Enterrement de vie de gar\u00e7on \u00e0 Split<\/a><\/li>\n\n\n\n<li><a href=\"https:\/\/dubrovnikstagdo.com\/\">Enterrement de vie de gar\u00e7on \u00e0 Dubrovnik<\/a><\/li>\n\n\n\n<li><a href=\"https:\/\/madridstagdo.com\/\">Enterrement de vie de gar\u00e7on \u00e0 Madrid<\/a><\/li>\n\n\n\n<li><a href=\"https:\/\/bucharest-stag-do.com\/\">Enterrement de vie de gar\u00e7on \u00e0 Bucarest<\/a><\/li>\n\n\n\n<li><a href=\"https:\/\/albufeirastagdo.com\/\">Enterrement de vie de gar\u00e7on \u00e0 Albufeira<\/a><\/li>\n\n\n\n<li><a href=\"https:\/\/stagdokrakow.com\/\">Enterrement de vie de gar\u00e7on \u00e0 Cracovie<\/a><\/li>\n<\/ul>","protected":false},"excerpt":{"rendered":"<p>\u00c0 Dublin Stag Do, nous sommes sp\u00e9cialis\u00e9s dans la transformation de votre week-end d'enterrement de vie de gar\u00e7on en une exp\u00e9rience extraordinaire. Nous comprenons que l'organisation d'un tel \u00e9v\u00e9nement peut \u00eatre d\u00e9courageante, mais nous sommes l\u00e0 pour all\u00e9ger ce fardeau. Notre promesse d'un service exceptionnel Nous offrons un service exceptionnel et une exp\u00e9rience sans heurts. Nous travaillons en \u00e9troite collaboration avec vous, cr\u00e9ant un itin\u00e9raire sur mesure qui ... <a href=\"https:\/\/dublinstagdo.com\/fr\/a-propos-de-nous\/\">Suite<\/a><\/p>","protected":false},"author":36,"featured_media":953,"parent":0,"menu_order":0,"comment_status":"closed","ping_status":"closed","template":"","meta":{"_acf_changed":false,"footnotes":""},"class_list":["post-39","page","type-page","status-publish","has-post-thumbnail","hentry"],"acf":{"page_subheading":"Discover Dublin with Us \u2014 Unparalleled stag do experiences tailored by experts. From iconic pubs to thrilling adventures, make memories that last a lifetime."},"_links":{"self":[{"href":"https:\/\/dublinstagdo.com\/fr\/wp-json\/wp\/v2\/pages\/39","targetHints":{"allow":["GET"]}}],"collection":[{"href":"https:\/\/dublinstagdo.com\/fr\/wp-json\/wp\/v2\/pages"}],"about":[{"href":"https:\/\/dublinstagdo.com\/fr\/wp-json\/wp\/v2\/types\/page"}],"author":[{"embeddable":true,"href":"https:\/\/dublinstagdo.com\/fr\/wp-json\/wp\/v2\/users\/36"}],"replies":[{"embeddable":true,"href":"https:\/\/dublinstagdo.com\/fr\/wp-json\/wp\/v2\/comments?post=39"}],"version-history":[{"count":6,"href":"https:\/\/dublinstagdo.com\/fr\/wp-json\/wp\/v2\/pages\/39\/revisions"}],"predecessor-version":[{"id":5287,"href":"https:\/\/dublinstagdo.com\/fr\/wp-json\/wp\/v2\/pages\/39\/revisions\/5287"}],"wp:featuredmedia":[{"embeddable":true,"href":"https:\/\/dublinstagdo.com\/fr\/wp-json\/wp\/v2\/media\/953"}],"wp:attachment":[{"href":"https:\/\/dublinstagdo.com\/fr\/wp-json\/wp\/v2\/media?parent=39"}],"curies":[{"name":"wp","href":"https:\/\/api.w.org\/{rel}","templated":true}]}}