{"id":614,"date":"2023-10-03T07:52:44","date_gmt":"2023-10-03T07:52:44","guid":{"rendered":"https:\/\/dublinstagdo.com\/?page_id=614"},"modified":"2023-12-07T13:23:19","modified_gmt":"2023-12-07T13:23:19","slug":"comment-se-rendre-a-dublin","status":"publish","type":"page","link":"https:\/\/dublinstagdo.com\/fr\/comment-se-rendre-a-dublin\/","title":{"rendered":"Comment se rendre \u00e0 Dublin"},"content":{"rendered":"<p>Dublin est un lieu de pr\u00e9dilection pour les voyageurs, avec sa riche histoire, sa vie nocturne tr\u00e9pidante et ses vues pittoresques. Que vous souhaitiez passer un week-end d'enterrement de vie de gar\u00e7on anim\u00e9 ou une escapade en toute s\u00e9r\u00e9nit\u00e9, il est facile de se rendre \u00e0 Dublin. Ce guide explore les diff\u00e9rentes voies d'acc\u00e8s \u00e0 ce magnifique joyau irlandais.<\/p>\n\n\n\n<h1 class=\"wp-block-heading\">Vol vers Dublin<\/h1>\n\n\n\n<p>Le moyen le plus direct et le plus rapide pour se rendre \u00e0 Dublin est l'avion. <strong>A\u00e9roport de Dublin (DUB)<\/strong> est bien reli\u00e9 \u00e0 de nombreuses grandes villes europ\u00e9ennes, dont Londres. Plusieurs compagnies a\u00e9riennes proposent des vols entre Londres et Dublin, y compris des compagnies \u00e0 bas prix comme Ryanair et des compagnies \u00e0 service complet comme British Airways.<\/p>\n\n\n\n<figure class=\"wp-block-image size-full\"><img loading=\"lazy\" decoding=\"async\" width=\"2000\" height=\"1365\" src=\"https:\/\/dublinstagdo.com\/wp-content\/uploads\/dublin-17-scaled.webp\" alt=\"Vue nocturne de la rue Temple Bar \u00e0 Dublin, Irlande\" class=\"wp-image-965\" srcset=\"https:\/\/dublinstagdo.com\/wp-content\/uploads\/dublin-17-scaled.webp 2000w, https:\/\/dublinstagdo.com\/wp-content\/uploads\/dublin-17-scaled-300x205.webp 300w, https:\/\/dublinstagdo.com\/wp-content\/uploads\/dublin-17-scaled-1024x699.webp 1024w, https:\/\/dublinstagdo.com\/wp-content\/uploads\/dublin-17-scaled-768x524.webp 768w, https:\/\/dublinstagdo.com\/wp-content\/uploads\/dublin-17-scaled-1536x1048.webp 1536w, https:\/\/dublinstagdo.com\/wp-content\/uploads\/dublin-17-scaled-18x12.webp 18w\" sizes=\"auto, (max-width: 2000px) 100vw, 2000px\" \/><figcaption class=\"wp-element-caption\">Vue nocturne de la rue Temple Bar \u00e0 Dublin<\/figcaption><\/figure>\n\n\n\n<p>D\u00e8s votre arriv\u00e9e, nous pouvons <a href=\"https:\/\/dublinstagdo.com\/fr\/transferts\/\">organiser la prise en charge<\/a> de l'a\u00e9roport et vous transportent jusqu'\u00e0 votre h\u00e9bergement.<\/p>\n\n\n\n<h1 class=\"wp-block-heading\">Prendre le train pour Dublin<\/h1>\n\n\n\n<p>Pour ceux qui se trouvent d\u00e9j\u00e0 en Irlande, rejoindre Dublin en train est une option pratique. Gr\u00e2ce \u00e0 sa situation centrale, Dublin est bien desservie par Irish Rail, qui propose des liaisons depuis plusieurs villes d'Irlande. Le voyage en train offre des vues pittoresques et un voyage confortable, ce qui en fait une exp\u00e9rience agr\u00e9able pour les groupes.<\/p>\n\n\n\n<h1 class=\"wp-block-heading\">Prendre le ferry<\/h1>\n\n\n\n<p>\u00c0 votre arriv\u00e9e dans l'une des gares centrales de Dublin, nous pouvons organiser votre prise en charge et vous transporter directement jusqu'\u00e0 votre h\u00e9bergement, afin que votre voyage au c\u0153ur de la ville et le d\u00e9but de votre week-end d'enterrement de vie de gar\u00e7on se d\u00e9roulent sans encombre.<\/p>\n\n\n\n<p>Autre <strong>La fa\u00e7on la plus pittoresque de se rendre \u00e0 Dublin <\/strong>se fait par le biais d'un ferry depuis le Royaume-Uni. Ce voyage offre une exp\u00e9rience relaxante et visuellement captivante, offrant un d\u00e9but unique \u00e0 votre week-end d'enterrement de vie de gar\u00e7on.<\/p>\n\n\n\n<p>\u00c0 votre arriv\u00e9e \u00e0 Dublin, nous pouvons vous accueillir au terminal des ferries et vous accompagner directement \u00e0 votre logement.<\/p>\n\n\n\n<h1 class=\"wp-block-heading\">Se d\u00e9placer \u00e0 Dublin<\/h1>\n\n\n\n<p>Une fois que vous aurez atterri \u00e0 Dublin, vous aurez plusieurs possibilit\u00e9s pour vous d\u00e9placer dans la ville. Vous pouvez louer une voiture, prendre un taxi ou utiliser les transports publics. Cependant, pour une exp\u00e9rience transparente et sans souci logistique, pensez \u00e0 nos services de transfert.<\/p>\n\n\n\n<figure class=\"wp-block-image size-large\"><img decoding=\"async\" src=\"https:\/\/dublinstagdo.com\/wp-content\/uploads\/dublin-ireland-center-symbol-spire-stockpack-adobe-stock-1024x684.webp\" alt=\"Dublin, Irlande symbole du centre - spire\" class=\"wp-image-967\"\/><figcaption class=\"wp-element-caption\">Dublin, Irlande symbole du centre - spire<\/figcaption><\/figure>\n\n\n\n<p>En conclusion, il est facile de se rendre \u00e0 Dublin, avec diverses options adapt\u00e9es \u00e0 vos pr\u00e9f\u00e9rences et \u00e0 votre budget. Que vous arriviez en avion ou en ferry, vous vous retrouverez dans cette ville anim\u00e9e, pr\u00eat \u00e0 donner le coup d'envoi d'un week-end d'enterrement de vie de gar\u00e7on \u00e9pique.<\/p>","protected":false},"excerpt":{"rendered":"<p>Dublin est un lieu de pr\u00e9dilection pour les voyageurs, avec sa riche histoire, sa vie nocturne tr\u00e9pidante et ses vues pittoresques. Que vous souhaitiez passer un week-end d'enterrement de vie de gar\u00e7on anim\u00e9 ou une escapade en toute s\u00e9r\u00e9nit\u00e9, il est facile de se rendre \u00e0 Dublin. Ce guide explore les diff\u00e9rentes voies d'acc\u00e8s \u00e0 ce magnifique joyau irlandais. Vol vers Dublin Le moyen le plus direct et le plus rapide de ... <a href=\"https:\/\/dublinstagdo.com\/fr\/comment-se-rendre-a-dublin\/\">Suite<\/a><\/p>","protected":false},"author":36,"featured_media":947,"parent":0,"menu_order":0,"comment_status":"closed","ping_status":"closed","template":"","meta":{"_acf_changed":false,"footnotes":""},"class_list":["post-614","page","type-page","status-publish","has-post-thumbnail","hentry"],"acf":{"page_subheading":"Discover the prime routes to the party heartland of Dublin for your stag bash. Explore flying into Dublin or taking the ferry for your thrilling journey."},"_links":{"self":[{"href":"https:\/\/dublinstagdo.com\/fr\/wp-json\/wp\/v2\/pages\/614","targetHints":{"allow":["GET"]}}],"collection":[{"href":"https:\/\/dublinstagdo.com\/fr\/wp-json\/wp\/v2\/pages"}],"about":[{"href":"https:\/\/dublinstagdo.com\/fr\/wp-json\/wp\/v2\/types\/page"}],"author":[{"embeddable":true,"href":"https:\/\/dublinstagdo.com\/fr\/wp-json\/wp\/v2\/users\/36"}],"replies":[{"embeddable":true,"href":"https:\/\/dublinstagdo.com\/fr\/wp-json\/wp\/v2\/comments?post=614"}],"version-history":[{"count":5,"href":"https:\/\/dublinstagdo.com\/fr\/wp-json\/wp\/v2\/pages\/614\/revisions"}],"predecessor-version":[{"id":970,"href":"https:\/\/dublinstagdo.com\/fr\/wp-json\/wp\/v2\/pages\/614\/revisions\/970"}],"wp:featuredmedia":[{"embeddable":true,"href":"https:\/\/dublinstagdo.com\/fr\/wp-json\/wp\/v2\/media\/947"}],"wp:attachment":[{"href":"https:\/\/dublinstagdo.com\/fr\/wp-json\/wp\/v2\/media?parent=614"}],"curies":[{"name":"wp","href":"https:\/\/api.w.org\/{rel}","templated":true}]}}