{"id":614,"date":"2023-10-03T07:52:44","date_gmt":"2023-10-03T07:52:44","guid":{"rendered":"https:\/\/dublinstagdo.com\/?page_id=614"},"modified":"2023-12-07T13:23:19","modified_gmt":"2023-12-07T13:23:19","slug":"come-arrivare-a-dublino","status":"publish","type":"page","link":"https:\/\/dublinstagdo.com\/it\/come-arrivare-a-dublino\/","title":{"rendered":"Come raggiungere Dublino"},"content":{"rendered":"<p>Dublino \u00e8 una meta molto amata dai viaggiatori, con la sua ricca storia, la sua vibrante vita notturna e i suoi panorami pittoreschi. Che siate alla ricerca di un vivace weekend di addio al celibato o di una fuga serena, arrivare a Dublino \u00e8 semplice e senza problemi. Questa guida esplora i diversi percorsi per raggiungere questo splendido gioiello irlandese.<\/p>\n\n\n\n<h1 class=\"wp-block-heading\">Volare a Dublino<\/h1>\n\n\n\n<p>Il modo pi\u00f9 diretto e veloce per raggiungere Dublino \u00e8 l'aereo. <strong>Aeroporto di Dublino (DUB)<\/strong> \u00e8 ben collegata a numerose citt\u00e0 europee, tra cui Londra. Diverse compagnie aeree operano voli da Londra a Dublino, tra cui vettori economici come Ryanair e compagnie aeree a servizio completo come British Airways.<\/p>\n\n\n\n<figure class=\"wp-block-image size-full\"><img loading=\"lazy\" decoding=\"async\" width=\"2000\" height=\"1365\" src=\"https:\/\/dublinstagdo.com\/wp-content\/uploads\/dublin-17-scaled.webp\" alt=\"Vista notturna di Temple Bar Street a Dublino, Irlanda\" class=\"wp-image-965\" srcset=\"https:\/\/dublinstagdo.com\/wp-content\/uploads\/dublin-17-scaled.webp 2000w, https:\/\/dublinstagdo.com\/wp-content\/uploads\/dublin-17-scaled-300x205.webp 300w, https:\/\/dublinstagdo.com\/wp-content\/uploads\/dublin-17-scaled-1024x699.webp 1024w, https:\/\/dublinstagdo.com\/wp-content\/uploads\/dublin-17-scaled-768x524.webp 768w, https:\/\/dublinstagdo.com\/wp-content\/uploads\/dublin-17-scaled-1536x1048.webp 1536w, https:\/\/dublinstagdo.com\/wp-content\/uploads\/dublin-17-scaled-18x12.webp 18w\" sizes=\"auto, (max-width: 2000px) 100vw, 2000px\" \/><figcaption class=\"wp-element-caption\">Vista notturna di Temple Bar Street a Dublino<\/figcaption><\/figure>\n\n\n\n<p>Al vostro arrivo, possiamo <a href=\"https:\/\/dublinstagdo.com\/it\/trasferimenti\/\">organizzare il prelievo<\/a> dall'aeroporto e vi trasporter\u00e0 al vostro alloggio.<\/p>\n\n\n\n<h1 class=\"wp-block-heading\">Prendere il treno per Dublino<\/h1>\n\n\n\n<p>Per chi \u00e8 gi\u00e0 in Irlanda, raggiungere Dublino in treno \u00e8 un'opzione conveniente. Grazie alla sua posizione centrale, Dublino \u00e8 ben servita dalle ferrovie irlandesi, che offrono collegamenti da varie citt\u00e0 d'Irlanda. Il viaggio in treno offre viste panoramiche e viaggi confortevoli, rendendolo un'esperienza piacevole per i gruppi.<\/p>\n\n\n\n<h1 class=\"wp-block-heading\">Prendere il traghetto<\/h1>\n\n\n\n<p>Al vostro arrivo in una delle stazioni ferroviarie centrali di Dublino, possiamo organizzare il prelievo e il trasporto direttamente al vostro alloggio, assicurandovi un'agevole continuazione del viaggio nel cuore della citt\u00e0 e l'inizio del vostro weekend di addio al celibato.<\/p>\n\n\n\n<p>Un altro <strong>modo panoramico per raggiungere Dublino <\/strong>\u00e8 attraverso un traghetto dal Regno Unito. Questo viaggio offre un'esperienza rilassante e visivamente accattivante, che rappresenta un inizio unico per il vostro weekend di addio al celibato.<\/p>\n\n\n\n<p>Al vostro arrivo a Dublino, possiamo organizzare un incontro al terminal dei traghetti e accompagnarvi direttamente al vostro alloggio.<\/p>\n\n\n\n<h1 class=\"wp-block-heading\">Come muoversi a Dublino<\/h1>\n\n\n\n<p>Una volta atterrati a Dublino, troverete diverse opzioni per spostarvi in citt\u00e0. Potete noleggiare un'auto, prendere un taxi o utilizzare i mezzi pubblici. Tuttavia, per un'esperienza perfetta e priva di preoccupazioni logistiche, prendete in considerazione i nostri servizi di trasferimento.<\/p>\n\n\n\n<figure class=\"wp-block-image size-large\"><img decoding=\"async\" src=\"https:\/\/dublinstagdo.com\/wp-content\/uploads\/dublin-ireland-center-symbol-spire-stockpack-adobe-stock-1024x684.webp\" alt=\"Dublino, Irlanda centro simbolo - guglia\" class=\"wp-image-967\"\/><figcaption class=\"wp-element-caption\">Dublino, Irlanda centro simbolo - guglia<\/figcaption><\/figure>\n\n\n\n<p>In conclusione, raggiungere Dublino \u00e8 semplice e senza problemi, con diverse opzioni che si adattano alle vostre preferenze e al vostro budget. Che arriviate in aereo o in traghetto, vi ritroverete in questa vivace citt\u00e0, pronti a dare il via a un epico weekend di addio al celibato.<\/p>","protected":false},"excerpt":{"rendered":"<p>Dublino \u00e8 una meta molto amata dai viaggiatori, con la sua ricca storia, la sua vibrante vita notturna e i suoi panorami pittoreschi. Che siate alla ricerca di un vivace weekend di addio al celibato o di una fuga serena, arrivare a Dublino \u00e8 semplice e senza problemi. Questa guida esplora i diversi percorsi per raggiungere questo splendido gioiello irlandese. Volare a Dublino Il modo pi\u00f9 diretto e veloce per ... <a href=\"https:\/\/dublinstagdo.com\/it\/come-arrivare-a-dublino\/\">Continua<\/a><\/p>","protected":false},"author":36,"featured_media":947,"parent":0,"menu_order":0,"comment_status":"closed","ping_status":"closed","template":"","meta":{"_acf_changed":false,"footnotes":""},"class_list":["post-614","page","type-page","status-publish","has-post-thumbnail","hentry"],"acf":{"page_subheading":"Discover the prime routes to the party heartland of Dublin for your stag bash. Explore flying into Dublin or taking the ferry for your thrilling journey."},"_links":{"self":[{"href":"https:\/\/dublinstagdo.com\/it\/wp-json\/wp\/v2\/pages\/614","targetHints":{"allow":["GET"]}}],"collection":[{"href":"https:\/\/dublinstagdo.com\/it\/wp-json\/wp\/v2\/pages"}],"about":[{"href":"https:\/\/dublinstagdo.com\/it\/wp-json\/wp\/v2\/types\/page"}],"author":[{"embeddable":true,"href":"https:\/\/dublinstagdo.com\/it\/wp-json\/wp\/v2\/users\/36"}],"replies":[{"embeddable":true,"href":"https:\/\/dublinstagdo.com\/it\/wp-json\/wp\/v2\/comments?post=614"}],"version-history":[{"count":5,"href":"https:\/\/dublinstagdo.com\/it\/wp-json\/wp\/v2\/pages\/614\/revisions"}],"predecessor-version":[{"id":970,"href":"https:\/\/dublinstagdo.com\/it\/wp-json\/wp\/v2\/pages\/614\/revisions\/970"}],"wp:featuredmedia":[{"embeddable":true,"href":"https:\/\/dublinstagdo.com\/it\/wp-json\/wp\/v2\/media\/947"}],"wp:attachment":[{"href":"https:\/\/dublinstagdo.com\/it\/wp-json\/wp\/v2\/media?parent=614"}],"curies":[{"name":"wp","href":"https:\/\/api.w.org\/{rel}","templated":true}]}}